{"id":135,"date":"2024-10-08T15:49:44","date_gmt":"2024-10-08T15:49:44","guid":{"rendered":"https:\/\/marollarbres.org\/?page_id=135"},"modified":"2024-10-24T16:05:39","modified_gmt":"2024-10-24T16:05:39","slug":"les-lois-sur-les-arbres","status":"publish","type":"page","link":"https:\/\/marollarbres.org\/index.php\/les-lois-sur-les-arbres\/","title":{"rendered":"La loi sur les arbres"},"content":{"rendered":"<p>L&rsquo;article L350-3 prot\u00e8ge les alignements d&rsquo;arbres bordant les voies publiques en interdisant leur abattage ou alt\u00e9ration, sauf en cas de danger ou de n\u00e9cessit\u00e9 li\u00e9e \u00e0 des projets d&rsquo;am\u00e9nagement, sous r\u00e9serve d&rsquo;une d\u00e9claration pr\u00e9alable et de mesures de compensation.<\/p>\n<p><a href=\"https:\/\/marollarbres.org\/wp-content\/uploads\/2024\/10\/Article-L350-3-Code-de-lenvironnement-Legifrance.pdf\" target=\"_blank\" rel=\"noopener\">Article L350-3 &#8211; Code de l&rsquo;environnement &#8211; L\u00e9gifrance<\/a><\/p>\n<p>Article L124-1 Le droit de toute personne d&rsquo;acc\u00e9der aux informations relatives \u00e0 l&rsquo;environnement d\u00e9tenues, re\u00e7ues ou \u00e9tablies par les autorit\u00e9s publiques mentionn\u00e9es \u00e0 l&rsquo;article <a title=\"Code de l\" href=\"https:\/\/www.legifrance.gouv.fr\/affichCodeArticle.do?cidTexte=LEGITEXT000006074220&amp;idArticle=LEGIARTI000006832923&amp;dateTexte=&amp;categorieLien=cid\">L. 124-3<\/a><\/p>\n<p><a href=\"https:\/\/www.legifrance.gouv.fr\/codes\/article_lc\/LEGIARTI000006832918\" target=\"_blank\" rel=\"noopener\">https:\/\/www.legifrance.gouv.fr\/codes\/article_lc\/LEGIARTI000006832918<\/a><\/p>\n<p>La Commission d\u2019acc\u00e8s aux documents administratifs est une autorit\u00e9 administrative ind\u00e9pendante charg\u00e9e de veiller \u00e0 la libert\u00e9 d\u2019acc\u00e8s aux documents administratifs et aux archives publiques ainsi qu\u2019\u00e0 la r\u00e9utilisation des informations publiques.<\/p>\n<p><a href=\"https:\/\/www.cada.fr\/\" target=\"_blank\" rel=\"noopener\">https:\/\/www.cada.fr<\/a><\/p>\n<p>\u00a0<\/p>\n\n\n<\/br><\/br><\/br><\/br><\/br>\n\n\n\n<p><\/p>\n","protected":false},"excerpt":{"rendered":"<p>L&rsquo;article L350-3 prot\u00e8ge les alignements d&rsquo;arbres bordant les voies publiques en interdisant leur abattage ou alt\u00e9ration, sauf en cas de [&hellip;]<\/p>\n","protected":false},"author":1,"featured_media":0,"parent":0,"menu_order":0,"comment_status":"closed","ping_status":"closed","template":"","meta":{"footnotes":""},"class_list":["post-135","page","type-page","status-publish","hentry"],"_links":{"self":[{"href":"https:\/\/marollarbres.org\/index.php\/wp-json\/wp\/v2\/pages\/135","targetHints":{"allow":["GET"]}}],"collection":[{"href":"https:\/\/marollarbres.org\/index.php\/wp-json\/wp\/v2\/pages"}],"about":[{"href":"https:\/\/marollarbres.org\/index.php\/wp-json\/wp\/v2\/types\/page"}],"author":[{"embeddable":true,"href":"https:\/\/marollarbres.org\/index.php\/wp-json\/wp\/v2\/users\/1"}],"replies":[{"embeddable":true,"href":"https:\/\/marollarbres.org\/index.php\/wp-json\/wp\/v2\/comments?post=135"}],"version-history":[{"count":17,"href":"https:\/\/marollarbres.org\/index.php\/wp-json\/wp\/v2\/pages\/135\/revisions"}],"predecessor-version":[{"id":399,"href":"https:\/\/marollarbres.org\/index.php\/wp-json\/wp\/v2\/pages\/135\/revisions\/399"}],"wp:attachment":[{"href":"https:\/\/marollarbres.org\/index.php\/wp-json\/wp\/v2\/media?parent=135"}],"curies":[{"name":"wp","href":"https:\/\/api.w.org\/{rel}","templated":true}]}}