{"id":363,"date":"2024-10-24T14:40:13","date_gmt":"2024-10-24T14:40:13","guid":{"rendered":"https:\/\/marollarbres.org\/?page_id=363"},"modified":"2024-12-20T10:26:13","modified_gmt":"2024-12-20T10:26:13","slug":"liens-utiles","status":"publish","type":"page","link":"https:\/\/marollarbres.org\/index.php\/liens-utiles\/","title":{"rendered":"Liens utiles"},"content":{"rendered":"<h3>En fran\u00e7ais<\/h3>\n<p>La commission europ\u00e9enne : \u00c9nergie, changement climatique et environnement<\/p>\n<p><a href=\"https:\/\/commission.europa.eu\/energy-climate-change-environment_fr\" target=\"_blank\" rel=\"noopener\">https:\/\/commission.europa.eu\/energy-climate-change-environment_fr<\/a><\/p>\n<p>L&rsquo;autorit\u00e9 environnementale<\/p>\n<p><a href=\"https:\/\/www.ecologie.gouv.fr\/politiques-publiques\/lautorite-environnementale\" target=\"_blank\" rel=\"noopener\">https:\/\/www.ecologie.gouv.fr\/politiques-publiques\/lautorite-environnementale<\/a><\/p>\n<p>Missions r\u00e9gionales d&rsquo;autorit\u00e9 environnementale (MRAe)<\/p>\n<p><a href=\"https:\/\/www.mrae.developpement-durable.gouv.fr\/\" target=\"_blank\" rel=\"noopener\">https:\/\/www.mrae.developpement-durable.gouv.fr\/<\/a><\/p>\n<p>\u00c9valuer, en \u20ac, la valeur d&rsquo;un arbres<\/p>\n<p><a href=\"https:\/\/www.baremedelarbre.fr\/\" target=\"_blank\" rel=\"noopener\">https:\/\/www.baremedelarbre.fr\/<\/a><\/p>\n<h3>En anglais<\/h3>\n<p>Forest Search :<br \/>\n<a href=\"https:\/\/www.forestresearch.gov.uk\/publications\/\" target=\"_blank\" rel=\"noopener\">https:\/\/www.forestresearch.gov.uk\/publications\/<\/a><\/p>\n<p>Le groupe d&rsquo;action Arbres et Design (TDAG) rassemble des particuliers, des professionnels, des universitaires et des organisations de disciplines tr\u00e8s diverses dans les secteurs public et priv\u00e9 pour am\u00e9liorer les connaissances et les bonnes pratiques afin de soutenir le r\u00f4le des arbres urbains gr\u00e2ce \u00e0 une meilleure collaboration dans la planification, la conception, la construction, la gestion et l&rsquo;entretien de nos espaces urbains.<br \/>\n<a href=\"https:\/\/www.tdag.org.uk\" target=\"_blank\" rel=\"noopener\">https:\/\/www.tdag.org.uk<\/a><\/p>\n<p>Le rapport 2022 du Lancet Countdown sur la sant\u00e9 et le changement climatique : la sant\u00e9 \u00e0 la merci des \u00e9nergies fossiles :<\/p>\n<p><a href=\"https:\/\/www.thelancet.com\/journals\/lancet\/article\/PIIS0140-6736(22)01540-9\/fulltext\" target=\"_blank\" rel=\"noopener\">https:\/\/www.thelancet.com\/journals\/lancet\/article\/PIIS0140-6736(22)01540-9\/fulltext<\/a><\/p>\n","protected":false},"excerpt":{"rendered":"<p>En fran\u00e7ais La commission europ\u00e9enne : \u00c9nergie, changement climatique et environnement https:\/\/commission.europa.eu\/energy-climate-change-environment_fr L&rsquo;autorit\u00e9 environnementale https:\/\/www.ecologie.gouv.fr\/politiques-publiques\/lautorite-environnementale Missions r\u00e9gionales d&rsquo;autorit\u00e9 environnementale (MRAe) [&hellip;]<\/p>\n","protected":false},"author":1,"featured_media":0,"parent":0,"menu_order":0,"comment_status":"closed","ping_status":"closed","template":"","meta":{"footnotes":""},"class_list":["post-363","page","type-page","status-publish","hentry"],"_links":{"self":[{"href":"https:\/\/marollarbres.org\/index.php\/wp-json\/wp\/v2\/pages\/363","targetHints":{"allow":["GET"]}}],"collection":[{"href":"https:\/\/marollarbres.org\/index.php\/wp-json\/wp\/v2\/pages"}],"about":[{"href":"https:\/\/marollarbres.org\/index.php\/wp-json\/wp\/v2\/types\/page"}],"author":[{"embeddable":true,"href":"https:\/\/marollarbres.org\/index.php\/wp-json\/wp\/v2\/users\/1"}],"replies":[{"embeddable":true,"href":"https:\/\/marollarbres.org\/index.php\/wp-json\/wp\/v2\/comments?post=363"}],"version-history":[{"count":9,"href":"https:\/\/marollarbres.org\/index.php\/wp-json\/wp\/v2\/pages\/363\/revisions"}],"predecessor-version":[{"id":416,"href":"https:\/\/marollarbres.org\/index.php\/wp-json\/wp\/v2\/pages\/363\/revisions\/416"}],"wp:attachment":[{"href":"https:\/\/marollarbres.org\/index.php\/wp-json\/wp\/v2\/media?parent=363"}],"curies":[{"name":"wp","href":"https:\/\/api.w.org\/{rel}","templated":true}]}}