{"id":443,"date":"2024-12-27T14:44:46","date_gmt":"2024-12-27T14:44:46","guid":{"rendered":"https:\/\/marollarbres.org\/?page_id=443"},"modified":"2024-12-27T15:15:36","modified_gmt":"2024-12-27T15:15:36","slug":"valorisation-platanes-marolles-en-hurepoix","status":"publish","type":"page","link":"https:\/\/marollarbres.org\/index.php\/valorisation-platanes-marolles-en-hurepoix\/","title":{"rendered":"Valorisation des platanes de l&rsquo;avenue Charles de Gaulle"},"content":{"rendered":"\n<p>&nbsp;<\/p>\n\n\n<h3>La valeur totale des platanes de l&rsquo;avenue Charles de Gaulle a \u00e9t\u00e9 estim\u00e9e \u00e0 <strong>160 000 \u20ac<\/strong>, selon une \u00e9valuation r\u00e9alis\u00e9e sur le site <a href=\"https:\/\/www.baremedelarbre.fr\/\" target=\"_new\" rel=\"noopener\">https:\/\/www.baremedelarbre.fr\/<\/a>.<\/h3>\n<p>Pour mettre cette somme en perspective, ce montant correspond approximativement au co\u00fbt estim\u00e9 de l&rsquo;am\u00e9nagement pr\u00e9vu pour l&rsquo;avenue. Toutefois, en cas d&rsquo;abattage, cette perte de <strong>160 000 \u20ac<\/strong> serait amplifi\u00e9e par les frais d&rsquo;abattage, estim\u00e9s \u00e0 environ <strong>30 000 \u20ac<\/strong>, auxquels s\u2019ajouteraient les co\u00fbts de plantation de nouveaux arbres, dont l&rsquo;\u00e9valuation reste \u00e0 pr\u00e9ciser.<\/p>\n<p>L&rsquo;argument avanc\u00e9 par nos \u00e9lus, selon lequel la conservation des arbres engendrerait un co\u00fbt prohibitif, ne r\u00e9siste pas \u00e0 cette analyse. Conserver ces arbres centenaires semble non seulement possible mais \u00e9galement \u00e9conomiquement justifiable.<\/p>\n<p>Liste des arbres avec leur valorisation :<\/p>\n<table border=\"0\" cellspacing=\"0\">\n<colgroup span=\"2\" width=\"85\"><\/colgroup>\n<tbody>\n<tr>\n<td align=\"left\" height=\"17\">Arbres No<\/td>\n<td align=\"left\">Valeur \u20ac<\/td>\n<\/tr>\n<tr>\n<td align=\"right\" height=\"17\">1<\/td>\n<td align=\"right\">8\u00a0760 \u20ac<\/td>\n<\/tr>\n<tr>\n<td align=\"right\" height=\"17\">2<\/td>\n<td align=\"right\">6\u00a0390 \u20ac<\/td>\n<\/tr>\n<tr>\n<td align=\"right\" height=\"17\">3<\/td>\n<td align=\"right\">10\u00a0860 \u20ac<\/td>\n<\/tr>\n<tr>\n<td align=\"right\" height=\"17\">4<\/td>\n<td align=\"right\">9\u00a0500 \u20ac<\/td>\n<\/tr>\n<tr>\n<td align=\"right\" height=\"17\">5<\/td>\n<td align=\"right\">10\u00a0180 \u20ac<\/td>\n<\/tr>\n<tr>\n<td align=\"right\" height=\"17\">6<\/td>\n<td align=\"right\">4\u00a0220 \u20ac<\/td>\n<\/tr>\n<tr>\n<td align=\"right\" height=\"17\">7<\/td>\n<td align=\"right\">11\u00a0390 \u20ac<\/td>\n<\/tr>\n<tr>\n<td align=\"right\" height=\"17\">8<\/td>\n<td align=\"right\">10\u00a0180 \u20ac<\/td>\n<\/tr>\n<tr>\n<td align=\"right\" height=\"17\">9<\/td>\n<td align=\"right\">6\u00a0150 \u20ac<\/td>\n<\/tr>\n<tr>\n<td align=\"right\" height=\"17\">10<\/td>\n<td align=\"right\">9\u00a0930 \u20ac<\/td>\n<\/tr>\n<tr>\n<td align=\"right\" height=\"17\">11<\/td>\n<td align=\"right\">7\u00a0630 \u20ac<\/td>\n<\/tr>\n<tr>\n<td align=\"right\" height=\"17\">12<\/td>\n<td align=\"right\">4\u00a0660 \u20ac<\/td>\n<\/tr>\n<tr>\n<td align=\"right\" height=\"17\">13<\/td>\n<td align=\"right\">11\u00a0660 \u20ac<\/td>\n<\/tr>\n<tr>\n<td align=\"right\" height=\"17\">14<\/td>\n<td align=\"right\">11\u00a0650 \u20ac<\/td>\n<\/tr>\n<tr>\n<td align=\"right\" height=\"17\">15<\/td>\n<td align=\"right\">5\u00a0700 \u20ac<\/td>\n<\/tr>\n<tr>\n<td align=\"right\" height=\"17\">16<\/td>\n<td align=\"right\">13\u00a0280 \u20ac<\/td>\n<\/tr>\n<tr>\n<td align=\"right\" height=\"17\">17<\/td>\n<td align=\"right\">5\u00a0910 \u20ac<\/td>\n<\/tr>\n<tr>\n<td align=\"right\" height=\"17\">18<\/td>\n<td align=\"right\">11\u00a0680 \u20ac<\/td>\n<\/tr>\n<tr>\n<td align=\"left\" height=\"17\"><b>Total<\/b><\/td>\n<td align=\"right\"><b>159\u00a0730 \u20ac<\/b><\/td>\n<\/tr>\n<\/tbody>\n<\/table>\n\n\n<figure class=\"wp-block-image size-large is-resized\"><img decoding=\"async\" width=\"1024\" height=\"576\" data-src=\"https:\/\/marollarbres.org\/wp-content\/uploads\/2024\/12\/Marolles-Arbres-De-Gaulle-recensement-1024x576.jpg\" alt=\"Valorisation des arbres Marolles en Hurepoix\" class=\"wp-image-468 lazyload\" style=\"--smush-placeholder-width: 1024px; --smush-placeholder-aspect-ratio: 1024\/576;width:1140px;height:auto\" data-srcset=\"https:\/\/marollarbres.org\/wp-content\/uploads\/2024\/12\/Marolles-Arbres-De-Gaulle-recensement-1024x576.jpg 1024w, https:\/\/marollarbres.org\/wp-content\/uploads\/2024\/12\/Marolles-Arbres-De-Gaulle-recensement-300x169.jpg 300w, https:\/\/marollarbres.org\/wp-content\/uploads\/2024\/12\/Marolles-Arbres-De-Gaulle-recensement-768x432.jpg 768w, https:\/\/marollarbres.org\/wp-content\/uploads\/2024\/12\/Marolles-Arbres-De-Gaulle-recensement-1536x864.jpg 1536w, https:\/\/marollarbres.org\/wp-content\/uploads\/2024\/12\/Marolles-Arbres-De-Gaulle-recensement.jpg 1920w\" data-sizes=\"(max-width: 1024px) 100vw, 1024px\" src=\"data:image\/gif;base64,R0lGODlhAQABAAAAACH5BAEKAAEALAAAAAABAAEAAAICTAEAOw==\" \/><figcaption class=\"wp-element-caption\">Num\u00e9rotation des platanes<\/figcaption><\/figure>\n\n\n\n<div data-wp-interactive=\"core\/file\" class=\"wp-block-file\"><object data-wp-bind--hidden=\"!state.hasPdfPreview\" hidden class=\"wp-block-file__embed\" data=\"https:\/\/marollarbres.org\/wp-content\/uploads\/2024\/12\/Recencement-Complet.pdf\" type=\"application\/pdf\" style=\"width:100%;height:600px\" aria-label=\"Contenu embarqu\u00e9 Recencement-Complet.\"><\/object><a id=\"wp-block-file--media-50f5bb2e-71b3-4183-9f82-f986c27f237d\" href=\"https:\/\/marollarbres.org\/wp-content\/uploads\/2024\/12\/Recencement-Complet.pdf\">Recencement-Complet<\/a><a href=\"https:\/\/marollarbres.org\/wp-content\/uploads\/2024\/12\/Recencement-Complet.pdf\" class=\"wp-block-file__button wp-element-button\" download aria-describedby=\"wp-block-file--media-50f5bb2e-71b3-4183-9f82-f986c27f237d\">T\u00e9l\u00e9charger<\/a><\/div>\n","protected":false},"excerpt":{"rendered":"<p>&nbsp; La valeur totale des platanes de l&rsquo;avenue Charles de Gaulle a \u00e9t\u00e9 estim\u00e9e \u00e0 160 000 \u20ac, selon une [&hellip;]<\/p>\n","protected":false},"author":1,"featured_media":0,"parent":0,"menu_order":0,"comment_status":"closed","ping_status":"closed","template":"","meta":{"footnotes":""},"class_list":["post-443","page","type-page","status-publish","hentry"],"_links":{"self":[{"href":"https:\/\/marollarbres.org\/index.php\/wp-json\/wp\/v2\/pages\/443","targetHints":{"allow":["GET"]}}],"collection":[{"href":"https:\/\/marollarbres.org\/index.php\/wp-json\/wp\/v2\/pages"}],"about":[{"href":"https:\/\/marollarbres.org\/index.php\/wp-json\/wp\/v2\/types\/page"}],"author":[{"embeddable":true,"href":"https:\/\/marollarbres.org\/index.php\/wp-json\/wp\/v2\/users\/1"}],"replies":[{"embeddable":true,"href":"https:\/\/marollarbres.org\/index.php\/wp-json\/wp\/v2\/comments?post=443"}],"version-history":[{"count":6,"href":"https:\/\/marollarbres.org\/index.php\/wp-json\/wp\/v2\/pages\/443\/revisions"}],"predecessor-version":[{"id":475,"href":"https:\/\/marollarbres.org\/index.php\/wp-json\/wp\/v2\/pages\/443\/revisions\/475"}],"wp:attachment":[{"href":"https:\/\/marollarbres.org\/index.php\/wp-json\/wp\/v2\/media?parent=443"}],"curies":[{"name":"wp","href":"https:\/\/api.w.org\/{rel}","templated":true}]}}